{"id":1299,"date":"2026-01-19T13:12:19","date_gmt":"2026-01-19T12:12:19","guid":{"rendered":"https:\/\/www.mysakids.ch\/?page_id=1299"},"modified":"2026-02-06T12:55:40","modified_gmt":"2026-02-06T11:55:40","slug":"test","status":"publish","type":"page","link":"https:\/\/www.mysakids.ch\/?page_id=1299","title":{"rendered":"Les formules"},"content":{"rendered":"\t\t<div data-elementor-type=\"wp-page\" data-elementor-id=\"1299\" class=\"elementor elementor-1299\" data-elementor-post-type=\"page\">\n\t\t\t\t\t\t<section class=\"elementor-section elementor-top-section elementor-element elementor-element-6828480f elementor-section-boxed elementor-section-height-default elementor-section-height-default\" data-id=\"6828480f\" data-element_type=\"section\" data-e-type=\"section\" data-settings=\"{&quot;background_background&quot;:&quot;classic&quot;}\">\n\t\t\t\t\t\t<div class=\"elementor-container elementor-column-gap-default\">\n\t\t\t\t\t<div class=\"elementor-column elementor-col-45 elementor-top-column elementor-element elementor-element-51c46fdc\" data-id=\"51c46fdc\" data-element_type=\"column\" data-e-type=\"column\">\n\t\t\t<div class=\"elementor-widget-wrap elementor-element-populated\">\n\t\t\t\t\t\t<div class=\"elementor-element elementor-element-2365f121 elementor-widget elementor-widget-image\" data-id=\"2365f121\" data-element_type=\"widget\" data-e-type=\"widget\" data-widget_type=\"image.default\">\n\t\t\t\t\t\t\t\t\t\t\t\t\t\t\t<img fetchpriority=\"high\" decoding=\"async\" width=\"1024\" height=\"577\" src=\"https:\/\/www.mysakids.ch\/wp-content\/uploads\/2025\/10\/Mysa-07-1024x577.png\" class=\"attachment-large size-large wp-image-1171\" alt=\"\" srcset=\"https:\/\/www.mysakids.ch\/wp-content\/uploads\/2025\/10\/Mysa-07-1024x577.png 1024w, https:\/\/www.mysakids.ch\/wp-content\/uploads\/2025\/10\/Mysa-07-300x169.png 300w, https:\/\/www.mysakids.ch\/wp-content\/uploads\/2025\/10\/Mysa-07-768x433.png 768w, https:\/\/www.mysakids.ch\/wp-content\/uploads\/2025\/10\/Mysa-07-1140x643.png 1140w, https:\/\/www.mysakids.ch\/wp-content\/uploads\/2025\/10\/Mysa-07-920x519.png 920w, https:\/\/www.mysakids.ch\/wp-content\/uploads\/2025\/10\/Mysa-07-575x324.png 575w, https:\/\/www.mysakids.ch\/wp-content\/uploads\/2025\/10\/Mysa-07-380x214.png 380w, https:\/\/www.mysakids.ch\/wp-content\/uploads\/2025\/10\/Mysa-07-420x237.png 420w, https:\/\/www.mysakids.ch\/wp-content\/uploads\/2025\/10\/Mysa-07-800x451.png 800w, https:\/\/www.mysakids.ch\/wp-content\/uploads\/2025\/10\/Mysa-07-80x45.png 80w, https:\/\/www.mysakids.ch\/wp-content\/uploads\/2025\/10\/Mysa-07.png 1298w\" sizes=\"(max-width: 1024px) 100vw, 1024px\" \/>\t\t\t\t\t\t\t\t\t\t\t\t\t\t\t<\/div>\n\t\t\t\t\t<\/div>\n\t\t<\/div>\n\t\t\t\t<div class=\"elementor-column elementor-col-55 elementor-top-column elementor-element elementor-element-35db7e14\" data-id=\"35db7e14\" data-element_type=\"column\" data-e-type=\"column\">\n\t\t\t<div class=\"elementor-widget-wrap elementor-element-populated\">\n\t\t\t\t\t\t<div class=\"elementor-element elementor-element-863f5d6 elementor-widget elementor-widget-spacer\" data-id=\"863f5d6\" data-element_type=\"widget\" data-e-type=\"widget\" data-widget_type=\"spacer.default\">\n\t\t\t\t\t\t\t<div class=\"elementor-spacer\">\n\t\t\t<div class=\"elementor-spacer-inner\"><\/div>\n\t\t<\/div>\n\t\t\t\t\t\t<\/div>\n\t\t\t\t<div class=\"elementor-element elementor-element-729cb62b elementor-widget elementor-widget-heading\" data-id=\"729cb62b\" data-element_type=\"widget\" data-e-type=\"widget\" data-widget_type=\"heading.default\">\n\t\t\t\t\t<h2 class=\"elementor-heading-title elementor-size-default\">Les formules en bref .<\/h2>\t\t\t\t<\/div>\n\t\t\t\t<div class=\"elementor-element elementor-element-f275799 elementor-widget elementor-widget-text-editor\" data-id=\"f275799\" data-element_type=\"widget\" data-e-type=\"widget\" data-widget_type=\"text-editor.default\">\n\t\t\t\t\t\t\t\t\t<p><em>\u00a0\u00bb Les formules sont pens\u00e9es pour une famille de 2 adultes et 2 enfants<\/em><br \/><em>Les courses sont r\u00e9alis\u00e9es par vos soins, je peux les faire en option<\/em><br \/><em>Je vous envoie la liste d\u00e9taill\u00e9e des courses<\/em><br \/><em>Un formulaire vous sera envoy\u00e9 en amont pour conna\u00eetre vos<\/em><br \/><em>habitudes alimentaires \u00ab\u00a0<\/em><\/p>\t\t\t\t\t\t\t\t<\/div>\n\t\t\t\t\t<\/div>\n\t\t<\/div>\n\t\t\t\t\t<\/div>\n\t\t<\/section>\n\t\t\t\t<section class=\"elementor-section elementor-top-section elementor-element elementor-element-1b5c16f2 elementor-section-boxed elementor-section-height-default elementor-section-height-default\" data-id=\"1b5c16f2\" data-element_type=\"section\" data-e-type=\"section\" data-settings=\"{&quot;background_background&quot;:&quot;classic&quot;}\">\n\t\t\t\t\t\t<div class=\"elementor-container elementor-column-gap-extended\">\n\t\t\t\t\t<div class=\"elementor-column elementor-col-33 elementor-top-column elementor-element elementor-element-6d8db55e\" data-id=\"6d8db55e\" data-element_type=\"column\" data-e-type=\"column\" data-settings=\"{&quot;background_background&quot;:&quot;classic&quot;}\">\n\t\t\t<div class=\"elementor-widget-wrap elementor-element-populated\">\n\t\t\t\t\t\t<div class=\"elementor-element elementor-element-ed6c042 elementor-widget elementor-widget-image\" data-id=\"ed6c042\" data-element_type=\"widget\" data-e-type=\"widget\" data-widget_type=\"image.default\">\n\t\t\t\t\t\t\t\t\t\t\t\t\t\t\t<img decoding=\"async\" width=\"822\" height=\"567\" src=\"https:\/\/www.mysakids.ch\/wp-content\/uploads\/2021\/07\/formule-essentiel.png\" class=\"attachment-large size-large wp-image-1198\" alt=\"\" srcset=\"https:\/\/www.mysakids.ch\/wp-content\/uploads\/2021\/07\/formule-essentiel.png 822w, https:\/\/www.mysakids.ch\/wp-content\/uploads\/2021\/07\/formule-essentiel-300x207.png 300w, https:\/\/www.mysakids.ch\/wp-content\/uploads\/2021\/07\/formule-essentiel-768x530.png 768w, https:\/\/www.mysakids.ch\/wp-content\/uploads\/2021\/07\/formule-essentiel-575x397.png 575w, https:\/\/www.mysakids.ch\/wp-content\/uploads\/2021\/07\/formule-essentiel-380x262.png 380w, https:\/\/www.mysakids.ch\/wp-content\/uploads\/2021\/07\/formule-essentiel-420x290.png 420w, https:\/\/www.mysakids.ch\/wp-content\/uploads\/2021\/07\/formule-essentiel-800x552.png 800w, https:\/\/www.mysakids.ch\/wp-content\/uploads\/2021\/07\/formule-essentiel-80x55.png 80w\" sizes=\"(max-width: 822px) 100vw, 822px\" \/>\t\t\t\t\t\t\t\t\t\t\t\t\t\t\t<\/div>\n\t\t\t\t<div class=\"elementor-element elementor-element-6e8981c2 elementor-widget elementor-widget-heading\" data-id=\"6e8981c2\" data-element_type=\"widget\" data-e-type=\"widget\" data-widget_type=\"heading.default\">\n\t\t\t\t\t<h4 class=\"elementor-heading-title elementor-size-default\">Formule Essentielle<\/h4>\t\t\t\t<\/div>\n\t\t\t\t<div class=\"elementor-element elementor-element-36bade1d elementor-widget elementor-widget-text-editor\" data-id=\"36bade1d\" data-element_type=\"widget\" data-e-type=\"widget\" data-widget_type=\"text-editor.default\">\n\t\t\t\t\t\t\t\t\t<p style=\"text-align: center;\">L\u2019essentiel pour des repas maison toute la semaine, go\u00fbters sur<br \/>demande.<br \/><strong>290 CHF<\/strong><\/p>\t\t\t\t\t\t\t\t<\/div>\n\t\t\t\t\t<\/div>\n\t\t<\/div>\n\t\t\t\t<div class=\"elementor-column elementor-col-33 elementor-top-column elementor-element elementor-element-487d394c\" data-id=\"487d394c\" data-element_type=\"column\" data-e-type=\"column\" data-settings=\"{&quot;background_background&quot;:&quot;classic&quot;}\">\n\t\t\t<div class=\"elementor-widget-wrap elementor-element-populated\">\n\t\t\t\t\t\t<div class=\"elementor-element elementor-element-655492d5 elementor-widget elementor-widget-image\" data-id=\"655492d5\" data-element_type=\"widget\" data-e-type=\"widget\" data-widget_type=\"image.default\">\n\t\t\t\t\t\t\t\t\t\t\t\t\t\t\t<img decoding=\"async\" width=\"822\" height=\"567\" src=\"https:\/\/www.mysakids.ch\/wp-content\/uploads\/2021\/07\/formule-Confort.png\" class=\"attachment-large size-large wp-image-1197\" alt=\"\" srcset=\"https:\/\/www.mysakids.ch\/wp-content\/uploads\/2021\/07\/formule-Confort.png 822w, https:\/\/www.mysakids.ch\/wp-content\/uploads\/2021\/07\/formule-Confort-300x207.png 300w, https:\/\/www.mysakids.ch\/wp-content\/uploads\/2021\/07\/formule-Confort-768x530.png 768w, https:\/\/www.mysakids.ch\/wp-content\/uploads\/2021\/07\/formule-Confort-575x397.png 575w, https:\/\/www.mysakids.ch\/wp-content\/uploads\/2021\/07\/formule-Confort-380x262.png 380w, https:\/\/www.mysakids.ch\/wp-content\/uploads\/2021\/07\/formule-Confort-420x290.png 420w, https:\/\/www.mysakids.ch\/wp-content\/uploads\/2021\/07\/formule-Confort-800x552.png 800w, https:\/\/www.mysakids.ch\/wp-content\/uploads\/2021\/07\/formule-Confort-80x55.png 80w\" sizes=\"(max-width: 822px) 100vw, 822px\" \/>\t\t\t\t\t\t\t\t\t\t\t\t\t\t\t<\/div>\n\t\t\t\t<div class=\"elementor-element elementor-element-5fea8fcd elementor-widget elementor-widget-heading\" data-id=\"5fea8fcd\" data-element_type=\"widget\" data-e-type=\"widget\" data-widget_type=\"heading.default\">\n\t\t\t\t\t<h4 class=\"elementor-heading-title elementor-size-default\">Formule Confort<\/h4>\t\t\t\t<\/div>\n\t\t\t\t<div class=\"elementor-element elementor-element-32fe8eb4 elementor-widget elementor-widget-text-editor\" data-id=\"32fe8eb4\" data-element_type=\"widget\" data-e-type=\"widget\" data-widget_type=\"text-editor.default\">\n\t\t\t\t\t\t\t\t\t<p style=\"text-align: center;\">Encore plus de s\u00e9r\u00e9nit\u00e9 au quotidien avec 2 sessions de batchcooking<br \/>par mois<br \/><strong>540 CHF<\/strong><\/p>\t\t\t\t\t\t\t\t<\/div>\n\t\t\t\t\t<\/div>\n\t\t<\/div>\n\t\t\t\t<div class=\"elementor-column elementor-col-33 elementor-top-column elementor-element elementor-element-381d1b51\" data-id=\"381d1b51\" data-element_type=\"column\" data-e-type=\"column\" data-settings=\"{&quot;background_background&quot;:&quot;classic&quot;}\">\n\t\t\t<div class=\"elementor-widget-wrap elementor-element-populated\">\n\t\t\t\t\t\t<div class=\"elementor-element elementor-element-19fda582 elementor-widget elementor-widget-image\" data-id=\"19fda582\" data-element_type=\"widget\" data-e-type=\"widget\" data-widget_type=\"image.default\">\n\t\t\t\t\t\t\t\t\t\t\t\t\t\t\t<img loading=\"lazy\" decoding=\"async\" width=\"822\" height=\"567\" src=\"https:\/\/www.mysakids.ch\/wp-content\/uploads\/2021\/07\/formule-serenite.png\" class=\"attachment-large size-large wp-image-1200\" alt=\"\" srcset=\"https:\/\/www.mysakids.ch\/wp-content\/uploads\/2021\/07\/formule-serenite.png 822w, https:\/\/www.mysakids.ch\/wp-content\/uploads\/2021\/07\/formule-serenite-300x207.png 300w, https:\/\/www.mysakids.ch\/wp-content\/uploads\/2021\/07\/formule-serenite-768x530.png 768w, https:\/\/www.mysakids.ch\/wp-content\/uploads\/2021\/07\/formule-serenite-575x397.png 575w, https:\/\/www.mysakids.ch\/wp-content\/uploads\/2021\/07\/formule-serenite-380x262.png 380w, https:\/\/www.mysakids.ch\/wp-content\/uploads\/2021\/07\/formule-serenite-420x290.png 420w, https:\/\/www.mysakids.ch\/wp-content\/uploads\/2021\/07\/formule-serenite-800x552.png 800w, https:\/\/www.mysakids.ch\/wp-content\/uploads\/2021\/07\/formule-serenite-80x55.png 80w\" sizes=\"(max-width: 822px) 100vw, 822px\" \/>\t\t\t\t\t\t\t\t\t\t\t\t\t\t\t<\/div>\n\t\t\t\t<div class=\"elementor-element elementor-element-1131c2a elementor-widget elementor-widget-heading\" data-id=\"1131c2a\" data-element_type=\"widget\" data-e-type=\"widget\" data-widget_type=\"heading.default\">\n\t\t\t\t\t<h4 class=\"elementor-heading-title elementor-size-default\">Formule S\u00e9r\u00e9nit\u00e9<\/h4>\t\t\t\t<\/div>\n\t\t\t\t<div class=\"elementor-element elementor-element-5bfc7cdf elementor-widget elementor-widget-text-editor\" data-id=\"5bfc7cdf\" data-element_type=\"widget\" data-e-type=\"widget\" data-widget_type=\"text-editor.default\">\n\t\t\t\t\t\t\t\t\t<p style=\"text-align: center;\">La tranquillit\u00e9 d\u2019esprit durant 3 semaines avec 3 sessions de<br \/>batchcooking<br \/><strong>765 CHF<\/strong><\/p>\t\t\t\t\t\t\t\t<\/div>\n\t\t\t\t\t<\/div>\n\t\t<\/div>\n\t\t\t\t\t<\/div>\n\t\t<\/section>\n\t\t\t\t<section class=\"elementor-section elementor-top-section elementor-element elementor-element-1766bca5 elementor-section-boxed elementor-section-height-default elementor-section-height-default\" data-id=\"1766bca5\" data-element_type=\"section\" data-e-type=\"section\" data-settings=\"{&quot;background_background&quot;:&quot;classic&quot;}\">\n\t\t\t\t\t\t<div class=\"elementor-container elementor-column-gap-extended\">\n\t\t\t\t\t<div class=\"elementor-column elementor-col-50 elementor-top-column elementor-element elementor-element-1303657\" data-id=\"1303657\" data-element_type=\"column\" data-e-type=\"column\" data-settings=\"{&quot;background_background&quot;:&quot;classic&quot;}\">\n\t\t\t<div class=\"elementor-widget-wrap elementor-element-populated\">\n\t\t\t\t\t\t<div class=\"elementor-element elementor-element-7a79410e elementor-widget elementor-widget-image\" data-id=\"7a79410e\" data-element_type=\"widget\" data-e-type=\"widget\" data-widget_type=\"image.default\">\n\t\t\t\t\t\t\t\t\t\t\t\t\t\t\t<img loading=\"lazy\" decoding=\"async\" width=\"420\" height=\"290\" src=\"https:\/\/www.mysakids.ch\/wp-content\/uploads\/2021\/07\/formule-harmonie-420x290.png\" class=\"attachment-woocommerce_thumbnail size-woocommerce_thumbnail wp-image-1199\" alt=\"\" srcset=\"https:\/\/www.mysakids.ch\/wp-content\/uploads\/2021\/07\/formule-harmonie-420x290.png 420w, https:\/\/www.mysakids.ch\/wp-content\/uploads\/2021\/07\/formule-harmonie-300x207.png 300w, https:\/\/www.mysakids.ch\/wp-content\/uploads\/2021\/07\/formule-harmonie-768x530.png 768w, https:\/\/www.mysakids.ch\/wp-content\/uploads\/2021\/07\/formule-harmonie-575x397.png 575w, https:\/\/www.mysakids.ch\/wp-content\/uploads\/2021\/07\/formule-harmonie-380x262.png 380w, https:\/\/www.mysakids.ch\/wp-content\/uploads\/2021\/07\/formule-harmonie-800x552.png 800w, https:\/\/www.mysakids.ch\/wp-content\/uploads\/2021\/07\/formule-harmonie-80x55.png 80w, https:\/\/www.mysakids.ch\/wp-content\/uploads\/2021\/07\/formule-harmonie.png 822w\" sizes=\"(max-width: 420px) 100vw, 420px\" \/>\t\t\t\t\t\t\t\t\t\t\t\t\t\t\t<\/div>\n\t\t\t\t<div class=\"elementor-element elementor-element-310b89b3 elementor-widget elementor-widget-heading\" data-id=\"310b89b3\" data-element_type=\"widget\" data-e-type=\"widget\" data-widget_type=\"heading.default\">\n\t\t\t\t\t<h4 class=\"elementor-heading-title elementor-size-default\">Forumule Harmonie<\/h4>\t\t\t\t<\/div>\n\t\t\t\t<div class=\"elementor-element elementor-element-49f61fb1 elementor-widget elementor-widget-text-editor\" data-id=\"49f61fb1\" data-element_type=\"widget\" data-e-type=\"widget\" data-widget_type=\"text-editor.default\">\n\t\t\t\t\t\t\t\t\t<p style=\"text-align: center;\">L\u2019\u00e9quilibre id\u00e9al sur un mois avec 4 sessions de batchcooking<br \/><strong>960 CHF<\/strong><\/p>\t\t\t\t\t\t\t\t<\/div>\n\t\t\t\t\t<\/div>\n\t\t<\/div>\n\t\t\t\t<div class=\"elementor-column elementor-col-50 elementor-top-column elementor-element elementor-element-7849cc2\" data-id=\"7849cc2\" data-element_type=\"column\" data-e-type=\"column\" data-settings=\"{&quot;background_background&quot;:&quot;classic&quot;}\">\n\t\t\t<div class=\"elementor-widget-wrap elementor-element-populated\">\n\t\t\t\t\t\t<div class=\"elementor-element elementor-element-16fd4f76 elementor-widget elementor-widget-image\" data-id=\"16fd4f76\" data-element_type=\"widget\" data-e-type=\"widget\" data-widget_type=\"image.default\">\n\t\t\t\t\t\t\t\t\t\t\t\t\t\t\t<img loading=\"lazy\" decoding=\"async\" width=\"420\" height=\"290\" src=\"https:\/\/www.mysakids.ch\/wp-content\/uploads\/2021\/07\/formule-anniversaire-420x290.png\" class=\"attachment-woocommerce_thumbnail size-woocommerce_thumbnail wp-image-1196\" alt=\"\" srcset=\"https:\/\/www.mysakids.ch\/wp-content\/uploads\/2021\/07\/formule-anniversaire-420x290.png 420w, https:\/\/www.mysakids.ch\/wp-content\/uploads\/2021\/07\/formule-anniversaire-300x207.png 300w, https:\/\/www.mysakids.ch\/wp-content\/uploads\/2021\/07\/formule-anniversaire-768x530.png 768w, https:\/\/www.mysakids.ch\/wp-content\/uploads\/2021\/07\/formule-anniversaire-575x397.png 575w, https:\/\/www.mysakids.ch\/wp-content\/uploads\/2021\/07\/formule-anniversaire-380x262.png 380w, https:\/\/www.mysakids.ch\/wp-content\/uploads\/2021\/07\/formule-anniversaire-800x552.png 800w, https:\/\/www.mysakids.ch\/wp-content\/uploads\/2021\/07\/formule-anniversaire-80x55.png 80w, https:\/\/www.mysakids.ch\/wp-content\/uploads\/2021\/07\/formule-anniversaire.png 822w\" sizes=\"(max-width: 420px) 100vw, 420px\" \/>\t\t\t\t\t\t\t\t\t\t\t\t\t\t\t<\/div>\n\t\t\t\t<div class=\"elementor-element elementor-element-126f555f elementor-widget elementor-widget-heading\" data-id=\"126f555f\" data-element_type=\"widget\" data-e-type=\"widget\" data-widget_type=\"heading.default\">\n\t\t\t\t\t<h4 class=\"elementor-heading-title elementor-size-default\">Formule Anniversaire<\/h4>\t\t\t\t<\/div>\n\t\t\t\t<div class=\"elementor-element elementor-element-426d05f5 elementor-widget elementor-widget-text-editor\" data-id=\"426d05f5\" data-element_type=\"widget\" data-e-type=\"widget\" data-widget_type=\"text-editor.default\">\n\t\t\t\t\t\t\t\t\t<p style=\"text-align: center;\">Un anniversaire gourmand, simple et sans stress \ud83c\udf89 <strong data-start=\"58\" data-end=\"102\">Buffet d\u2019anniversaire enfants \u00e0 domicile<\/strong><br data-start=\"102\" data-end=\"105\" \/>Buffet maison sal\u00e9 &amp; sucr\u00e9, <strong data-start=\"133\" data-end=\"157\">\u00e9quilibr\u00e9 et ludique<\/strong>, pour <strong data-start=\"164\" data-end=\"177\">8 enfants<\/strong>, courses incluses.<br data-start=\"196\" data-end=\"199\" \/>\u2795 Enfant suppl\u00e9mentaire : <strong data-start=\"225\" data-end=\"244\">+8 CHF \/ enfant<\/strong><br \/><strong>290 CHF<\/strong><\/p>\t\t\t\t\t\t\t\t<\/div>\n\t\t\t\t\t<\/div>\n\t\t<\/div>\n\t\t\t\t\t<\/div>\n\t\t<\/section>\n\t\t<div class=\"elementor-element elementor-element-ea8f106 e-flex e-con-boxed e-con e-parent\" data-id=\"ea8f106\" data-element_type=\"container\" data-e-type=\"container\">\n\t\t\t\t\t<div class=\"e-con-inner\">\n\t\t\t\t<div class=\"elementor-element elementor-element-3d5a59a elementor-align-center elementor-widget elementor-widget-button\" data-id=\"3d5a59a\" data-element_type=\"widget\" data-e-type=\"widget\" data-widget_type=\"button.default\">\n\t\t\t\t\t\t\t\t\t\t<a class=\"elementor-button elementor-button-link elementor-size-sm\" href=\"https:\/\/www.mysakids.ch\/?page_id=527\">\n\t\t\t\t\t\t<span class=\"elementor-button-content-wrapper\">\n\t\t\t\t\t\t\t\t\t<span class=\"elementor-button-text\">Me contacter pour plus de renseingements<\/span>\n\t\t\t\t\t<\/span>\n\t\t\t\t\t<\/a>\n\t\t\t\t\t\t\t\t<\/div>\n\t\t\t\t<div class=\"elementor-element elementor-element-0edbe8c elementor-widget elementor-widget-spacer\" data-id=\"0edbe8c\" data-element_type=\"widget\" data-e-type=\"widget\" data-widget_type=\"spacer.default\">\n\t\t\t\t\t\t\t<div class=\"elementor-spacer\">\n\t\t\t<div class=\"elementor-spacer-inner\"><\/div>\n\t\t<\/div>\n\t\t\t\t\t\t<\/div>\n\t\t\t\t\t<\/div>\n\t\t\t\t<\/div>\n\t\t\t\t<\/div>\n\t\t","protected":false},"excerpt":{"rendered":"<p>Les formules en bref . \u00a0\u00bb Les formules sont pens\u00e9es pour une famille de 2 adultes et 2 enfantsLes courses sont r\u00e9alis\u00e9es par vos soins, je peux les faire en [&hellip;]<\/p>\n","protected":false},"author":1,"featured_media":0,"parent":0,"menu_order":0,"comment_status":"closed","ping_status":"closed","template":"","meta":{"footnotes":""},"class_list":["post-1299","page","type-page","status-publish","hentry"],"jetpack_sharing_enabled":true,"_links":{"self":[{"href":"https:\/\/www.mysakids.ch\/index.php?rest_route=\/wp\/v2\/pages\/1299","targetHints":{"allow":["GET"]}}],"collection":[{"href":"https:\/\/www.mysakids.ch\/index.php?rest_route=\/wp\/v2\/pages"}],"about":[{"href":"https:\/\/www.mysakids.ch\/index.php?rest_route=\/wp\/v2\/types\/page"}],"author":[{"embeddable":true,"href":"https:\/\/www.mysakids.ch\/index.php?rest_route=\/wp\/v2\/users\/1"}],"replies":[{"embeddable":true,"href":"https:\/\/www.mysakids.ch\/index.php?rest_route=%2Fwp%2Fv2%2Fcomments&post=1299"}],"version-history":[{"count":26,"href":"https:\/\/www.mysakids.ch\/index.php?rest_route=\/wp\/v2\/pages\/1299\/revisions"}],"predecessor-version":[{"id":1407,"href":"https:\/\/www.mysakids.ch\/index.php?rest_route=\/wp\/v2\/pages\/1299\/revisions\/1407"}],"wp:attachment":[{"href":"https:\/\/www.mysakids.ch\/index.php?rest_route=%2Fwp%2Fv2%2Fmedia&parent=1299"}],"curies":[{"name":"wp","href":"https:\/\/api.w.org\/{rel}","templated":true}]}}